{"id":12,"date":"2024-02-13T23:36:23","date_gmt":"2024-02-13T20:36:23","guid":{"rendered":"https:\/\/besmuclean.com\/?page_id=12"},"modified":"2025-11-15T09:22:12","modified_gmt":"2025-11-15T06:22:12","slug":"home","status":"publish","type":"page","link":"https:\/\/besmuclean.com\/","title":{"rendered":"Teppichreinigung Nummer 1 in Koblenz"},"content":{"rendered":"\n<div class=\"wp-block-cover alignfull is-light hestia-clear-top-padding\"><span aria-hidden=\"true\" class=\"wp-block-cover__background has-white-background-color has-background-dim-100 has-background-dim\"><\/span><div class=\"wp-block-cover__inner-container is-layout-flow wp-block-cover-is-layout-flow\">\n<div class=\"wp-block-columns is-layout-flex wp-container-core-columns-layout-1 wp-block-columns-is-layout-flex\">\n<div class=\"wp-block-column is-layout-flow wp-block-column-is-layout-flow\">\n<figure class=\"wp-block-embed is-type-video is-provider-youtube wp-block-embed-youtube wp-embed-aspect-9-16 wp-has-aspect-ratio\"><div class=\"wp-block-embed__wrapper\">\n<iframe loading=\"lazy\" title=\"Besmuclean\" width=\"563\" height=\"1000\" src=\"https:\/\/www.youtube.com\/embed\/uYUgHUntEpI?feature=oembed\" frameborder=\"0\" allow=\"accelerometer; autoplay; clipboard-write; encrypted-media; gyroscope; picture-in-picture; web-share\" referrerpolicy=\"strict-origin-when-cross-origin\" allowfullscreen><\/iframe>\n<\/div><\/figure>\n<\/div>\n\n\n\n<div class=\"wp-block-column is-layout-flow wp-block-column-is-layout-flow\">\n<figure class=\"wp-block-embed is-type-video is-provider-youtube wp-block-embed-youtube wp-embed-aspect-16-9 wp-has-aspect-ratio\"><div class=\"wp-block-embed__wrapper\">\n<iframe loading=\"lazy\" title=\"Besmu clean carpet\" width=\"750\" height=\"422\" src=\"https:\/\/www.youtube.com\/embed\/XBCvMlYu6L8?feature=oembed&#038;enablejsapi=1&#038;origin=https:\/\/besmuclean.com\" frameborder=\"0\" allow=\"accelerometer; autoplay; clipboard-write; encrypted-media; gyroscope; picture-in-picture; web-share\" referrerpolicy=\"strict-origin-when-cross-origin\" allowfullscreen><\/iframe>\n<\/div><\/figure>\n<\/div>\n<\/div>\n\n\n\n<div class=\"wp-block-columns container is-layout-flex wp-container-core-columns-layout-2 wp-block-columns-is-layout-flex\">\n<div class=\"wp-block-column is-layout-flow wp-block-column-is-layout-flow\"><div class=\"wp-block-image\">\n<figure class=\"aligncenter size-full is-resized\"><a href=\"https:\/\/api.whatsapp.com\/send\/?phone=4915121001907&amp;text&amp;type=phone_number&amp;app_absent=0\"><img loading=\"lazy\" decoding=\"async\" width=\"374\" height=\"374\" src=\"https:\/\/besmuclean.com\/wp-content\/uploads\/2024\/02\/telefon.png\" alt=\"\" class=\"wp-image-51\" style=\"width:64px;height:auto\" srcset=\"https:\/\/besmuclean.com\/wp-content\/uploads\/2024\/02\/telefon.png 374w, https:\/\/besmuclean.com\/wp-content\/uploads\/2024\/02\/telefon-160x160.png 160w, https:\/\/besmuclean.com\/wp-content\/uploads\/2024\/02\/telefon-300x300.png 300w, https:\/\/besmuclean.com\/wp-content\/uploads\/2024\/02\/telefon-150x150.png 150w\" sizes=\"(max-width: 374px) 100vw, 374px\" \/><\/a><\/figure><\/div>\n\n\n<h5 class=\"wp-block-heading has-text-align-center has-text-color\" style=\"color:#3c4858;font-size:18px\">Kontakt &amp; Beratung<\/h5>\n\n\n\n<p class=\"has-text-align-center has-text-color\" style=\"color:#999999;font-size:14px\">Sie k\u00f6nnen uns telefonisch, per E-Mail oder \u00fcber das Webformular kontaktieren. Sie erhalten eine kostenlose, individuelle und faire Beratung sowie auf Wunsch ein Angebot.<\/p>\n\n\n\n<div style=\"height:25px\" aria-hidden=\"true\" class=\"wp-block-spacer\"><\/div>\n<\/div>\n\n\n\n<div class=\"wp-block-column is-layout-flow wp-block-column-is-layout-flow\"><div class=\"wp-block-image\">\n<figure class=\"aligncenter size-large is-resized\"><img data-dominant-color=\"79ab09\" data-has-transparency=\"true\" loading=\"lazy\" decoding=\"async\" width=\"1024\" height=\"640\" src=\"https:\/\/besmuclean.com\/wp-content\/uploads\/2025\/10\/Gemini_Generated_Image_kyyqmkyyqmkyyqmk-Photoroom-1024x640.png\" alt=\"\" class=\"has-transparency wp-image-521\" style=\"--dominant-color: #79ab09; width:142px;height:auto\" srcset=\"https:\/\/besmuclean.com\/wp-content\/uploads\/2025\/10\/Gemini_Generated_Image_kyyqmkyyqmkyyqmk-Photoroom-1024x640.png 1024w, https:\/\/besmuclean.com\/wp-content\/uploads\/2025\/10\/Gemini_Generated_Image_kyyqmkyyqmkyyqmk-Photoroom-300x188.png 300w, https:\/\/besmuclean.com\/wp-content\/uploads\/2025\/10\/Gemini_Generated_Image_kyyqmkyyqmkyyqmk-Photoroom-768x480.png 768w, https:\/\/besmuclean.com\/wp-content\/uploads\/2025\/10\/Gemini_Generated_Image_kyyqmkyyqmkyyqmk-Photoroom-600x375.png 600w, https:\/\/besmuclean.com\/wp-content\/uploads\/2025\/10\/Gemini_Generated_Image_kyyqmkyyqmkyyqmk-Photoroom.png 1280w\" sizes=\"(max-width: 1024px) 100vw, 1024px\" \/><\/figure><\/div>\n\n\n<h5 class=\"wp-block-heading has-text-align-center has-text-color\" style=\"color:#3c4858;font-size:18px\">Service vor Ort<\/h5>\n\n\n\n<p class=\"has-text-align-center has-text-color\" style=\"color:#999999;font-size:14px\">Nach Terminvereinbarung kommen wir gerne zu Ihnen nach Hause. F\u00fcr die Anfahrt berechnen wir keine Kosten.<\/p>\n\n\n\n<div style=\"height:25px\" aria-hidden=\"true\" class=\"wp-block-spacer\"><\/div>\n<\/div>\n\n\n\n<div class=\"wp-block-column is-layout-flow wp-block-column-is-layout-flow\"><div class=\"wp-block-image\">\n<figure class=\"aligncenter size-large is-resized\"><img data-dominant-color=\"88bc11\" data-has-transparency=\"true\" loading=\"lazy\" decoding=\"async\" width=\"1024\" height=\"640\" src=\"https:\/\/besmuclean.com\/wp-content\/uploads\/2025\/10\/Gemini_Generated_Image_pac72wpac72wpac7-Photoroom-1024x640.png\" alt=\"\" class=\"has-transparency wp-image-520\" style=\"--dominant-color: #88bc11; width:127px;height:auto\" srcset=\"https:\/\/besmuclean.com\/wp-content\/uploads\/2025\/10\/Gemini_Generated_Image_pac72wpac72wpac7-Photoroom-1024x640.png 1024w, https:\/\/besmuclean.com\/wp-content\/uploads\/2025\/10\/Gemini_Generated_Image_pac72wpac72wpac7-Photoroom-300x188.png 300w, https:\/\/besmuclean.com\/wp-content\/uploads\/2025\/10\/Gemini_Generated_Image_pac72wpac72wpac7-Photoroom-768x480.png 768w, https:\/\/besmuclean.com\/wp-content\/uploads\/2025\/10\/Gemini_Generated_Image_pac72wpac72wpac7-Photoroom-600x375.png 600w, https:\/\/besmuclean.com\/wp-content\/uploads\/2025\/10\/Gemini_Generated_Image_pac72wpac72wpac7-Photoroom.png 1280w\" sizes=\"(max-width: 1024px) 100vw, 1024px\" \/><\/figure><\/div>\n\n\n<h5 class=\"wp-block-heading has-text-align-center has-text-color\" style=\"color:#3c4858;font-size:18px\">Teppichreinigung<\/h5>\n\n\n\n<p class=\"has-text-align-center has-text-color\" style=\"color:#999999;font-size:14px\">Ihre Teppiche werden professionell und gr\u00fcndlich gereinigt, um Sauberkeit und Frische in Ihr Zuhause zu bringen. Wir bedienen Kunden aus Mainz, Wiesbaden, Frankfurt und anderen St\u00e4dten in der Region.<\/p>\n\n\n\n<div style=\"height:26px\" aria-hidden=\"true\" class=\"wp-block-spacer\"><\/div>\n<\/div>\n\n\n\n<div class=\"wp-block-column is-layout-flow wp-block-column-is-layout-flow\"><div class=\"wp-block-image\">\n<figure class=\"aligncenter size-large is-resized\"><img loading=\"lazy\" decoding=\"async\" width=\"1024\" height=\"625\" src=\"https:\/\/besmuclean.com\/wp-content\/uploads\/2024\/02\/koltuk-1024x625.png\" alt=\"\" class=\"wp-image-53\" style=\"width:103px;height:auto\" srcset=\"https:\/\/besmuclean.com\/wp-content\/uploads\/2024\/02\/koltuk-1024x625.png 1024w, https:\/\/besmuclean.com\/wp-content\/uploads\/2024\/02\/koltuk-600x366.png 600w, https:\/\/besmuclean.com\/wp-content\/uploads\/2024\/02\/koltuk-300x183.png 300w, https:\/\/besmuclean.com\/wp-content\/uploads\/2024\/02\/koltuk-768x469.png 768w, https:\/\/besmuclean.com\/wp-content\/uploads\/2024\/02\/koltuk-1536x938.png 1536w, https:\/\/besmuclean.com\/wp-content\/uploads\/2024\/02\/koltuk-2048x1250.png 2048w\" sizes=\"(max-width: 1024px) 100vw, 1024px\" \/><\/figure><\/div>\n\n\n<h5 class=\"wp-block-heading has-text-align-center has-text-color\" style=\"color:#3c4858;font-size:18px\">Polsterreinigung<\/h5>\n\n\n\n<p class=\"has-text-align-center has-text-color\" style=\"color:#999999;font-size:14px\">Ihre Polsterm\u00f6bel, Matratzen oder Teppichb\u00f6den werden professionell vor Ort gereinigt, sei es in Mainz, Wiesbaden, Frankfurt oder einer anderen Stadt in der Region.<\/p>\n\n\n\n<div style=\"height:26px\" aria-hidden=\"true\" class=\"wp-block-spacer\"><\/div>\n<\/div>\n<\/div>\n\n\n\n<div style=\"height:42px\" aria-hidden=\"true\" class=\"wp-block-spacer\"><\/div>\n\n\n\n<p class=\"has-text-align-center has-large-font-size\"><strong><a href=\"https:\/\/besmuclean.com\/index.php\/dienstleistungen\/\" title=\"\">Dienstleistungen<\/a><\/strong><\/p>\n\n\n\n<div class=\"wp-block-columns is-not-stacked-on-mobile is-layout-flex wp-container-core-columns-layout-3 wp-block-columns-is-layout-flex\">\n<div class=\"wp-block-column is-layout-flow wp-block-column-is-layout-flow\">\n<div class=\"wp-block-media-text is-stacked-on-mobile is-vertically-aligned-center is-image-fill card-shadow has-white-background-color has-background\"><figure class=\"wp-block-media-text__media\" style=\"background-image:url(http:\/\/besmuclean.com\/wp-content\/uploads\/2024\/02\/Depositphotos_139874806_S-min-jpg.webp);background-position:58% 76%\"><a href=\"https:\/\/besmuclean.com\/index.php\/polsterreinigung-besmu-clean-professionelle\/\"><img data-dominant-color=\"9c9087\" data-has-transparency=\"false\" style=\"--dominant-color: #9c9087;\" loading=\"lazy\" decoding=\"async\" width=\"1000\" height=\"667\" src=\"http:\/\/besmuclean.com\/wp-content\/uploads\/2024\/02\/Depositphotos_139874806_S-min-jpg.webp\" alt=\"\" class=\"not-transparent wp-image-231 size-full\" srcset=\"https:\/\/besmuclean.com\/wp-content\/uploads\/2024\/02\/Depositphotos_139874806_S-min-jpg.webp 1000w, https:\/\/besmuclean.com\/wp-content\/uploads\/2024\/02\/Depositphotos_139874806_S-min-300x200.webp 300w, https:\/\/besmuclean.com\/wp-content\/uploads\/2024\/02\/Depositphotos_139874806_S-min-768x512.webp 768w, https:\/\/besmuclean.com\/wp-content\/uploads\/2024\/02\/Depositphotos_139874806_S-min-360x240.webp 360w\" sizes=\"(max-width: 1000px) 100vw, 1000px\" \/><\/a><\/figure><div class=\"wp-block-media-text__content\">\n<div style=\"height:24px\" aria-hidden=\"true\" class=\"wp-block-spacer\"><\/div>\n\n\n\n<h3 class=\"wp-block-heading has-medium-font-size\"><a href=\"https:\/\/besmuclean.com\/index.php\/polsterreinigung-besmu-clean-professionelle\/\" title=\"\">Polsterreinigung<\/a><\/h3>\n\n\n\n<p class=\"has-black-color has-text-color has-link-color wp-elements-f9f70bd959061e0558d71e0af75d4876\" style=\"font-size:14px\"><strong>Polsterreinigung Besmu Clean Professionelle<\/strong><br>Die Sauberkeit Ihrer Sofas, Couches und St\u00fchle zu Hause oder im B\u00fcro ist wichtig. <a href=\"https:\/\/besmuclean.com\/index.php\/polsterreinigung-besmu-clean-professionelle\/\" title=\"\">Mehr lesen<\/a>&#8230;<\/p>\n<\/div><\/div>\n<\/div>\n\n\n\n<div class=\"wp-block-column is-layout-flow wp-block-column-is-layout-flow\">\n<div class=\"wp-block-media-text is-stacked-on-mobile is-vertically-aligned-center is-image-fill has-white-background-color has-background\" style=\"grid-template-columns:53% auto\"><figure class=\"wp-block-media-text__media\" style=\"background-image:url(http:\/\/besmuclean.com\/wp-content\/uploads\/2024\/02\/teppichreinigung12-jpg.webp);background-position:24% 40%\"><a href=\"https:\/\/besmuclean.com\/index.php\/bueroteppichreinigung-fuer-ein-frisches-arbeitsumfeld\/\"><img data-dominant-color=\"6e6f7f\" data-has-transparency=\"false\" style=\"--dominant-color: #6e6f7f;\" loading=\"lazy\" decoding=\"async\" width=\"1000\" height=\"667\" src=\"http:\/\/besmuclean.com\/wp-content\/uploads\/2024\/02\/teppichreinigung12-jpg.webp\" alt=\"\" class=\"not-transparent wp-image-227 size-full\" srcset=\"https:\/\/besmuclean.com\/wp-content\/uploads\/2024\/02\/teppichreinigung12-jpg.webp 1000w, https:\/\/besmuclean.com\/wp-content\/uploads\/2024\/02\/teppichreinigung12-300x200.webp 300w, https:\/\/besmuclean.com\/wp-content\/uploads\/2024\/02\/teppichreinigung12-768x512.webp 768w, https:\/\/besmuclean.com\/wp-content\/uploads\/2024\/02\/teppichreinigung12-360x240.webp 360w\" sizes=\"(max-width: 1000px) 100vw, 1000px\" \/><\/a><\/figure><div class=\"wp-block-media-text__content\">\n<div style=\"height:24px\" aria-hidden=\"true\" class=\"wp-block-spacer\"><\/div>\n\n\n\n<h3 class=\"wp-block-heading has-medium-font-size\"><a href=\"https:\/\/besmuclean.com\/index.php\/bueroteppichreinigung-fuer-ein-frisches-arbeitsumfeld\/\" title=\"\">Buroteppichreinigung<\/a><\/h3>\n\n\n\n<p class=\"has-black-color has-text-color has-link-color wp-elements-7f509486a5855f52bbe0f85cb5f9b9ba\" style=\"font-size:14px\">B\u00fcroteppichreinigung: Saubere Teppiche sorgen f\u00fcr angenehmes Arbeitsumfeld. Wir halten Ihre B\u00f6den frei von Schmutz, Flecken &amp; Ger\u00fcchen. <a href=\"https:\/\/besmuclean.com\/index.php\/bueroteppichreinigung-fuer-ein-frisches-arbeitsumfeld\/\" title=\"\">Mehr lesen..<\/a>.<\/p>\n<\/div><\/div>\n<\/div>\n\n\n\n<div class=\"wp-block-column is-layout-flow wp-block-column-is-layout-flow\">\n<div class=\"wp-block-media-text is-stacked-on-mobile is-vertically-aligned-center is-image-fill has-white-background-color has-background\" style=\"grid-template-columns:40% auto\"><figure class=\"wp-block-media-text__media\" style=\"background-image:url(http:\/\/besmuclean.com\/wp-content\/uploads\/2024\/02\/autositze-reinigen-jpg.webp);background-position:48% 38%\"><a href=\"https:\/\/besmuclean.com\/index.php\/autositzreinigungsdienste-besmu-clean-professionelle\/\"><img data-dominant-color=\"4e4644\" data-has-transparency=\"false\" style=\"--dominant-color: #4e4644;\" loading=\"lazy\" decoding=\"async\" width=\"1000\" height=\"667\" src=\"http:\/\/besmuclean.com\/wp-content\/uploads\/2024\/02\/autositze-reinigen-jpg.webp\" alt=\"\" class=\"not-transparent wp-image-228 size-full\" srcset=\"https:\/\/besmuclean.com\/wp-content\/uploads\/2024\/02\/autositze-reinigen-jpg.webp 1000w, https:\/\/besmuclean.com\/wp-content\/uploads\/2024\/02\/autositze-reinigen-300x200.webp 300w, https:\/\/besmuclean.com\/wp-content\/uploads\/2024\/02\/autositze-reinigen-768x512.webp 768w, https:\/\/besmuclean.com\/wp-content\/uploads\/2024\/02\/autositze-reinigen-360x240.webp 360w\" sizes=\"(max-width: 1000px) 100vw, 1000px\" \/><\/a><\/figure><div class=\"wp-block-media-text__content\">\n<div style=\"height:24px\" aria-hidden=\"true\" class=\"wp-block-spacer\"><\/div>\n\n\n\n<h3 class=\"wp-block-heading has-medium-font-size\"><a href=\"https:\/\/besmuclean.com\/index.php\/autositzreinigungsdienste-besmu-clean-professionelle\/\" title=\"\">Autositzreinigung<\/a><\/h3>\n\n\n\n<p class=\"has-black-color has-text-color has-link-color wp-elements-20022c8cc8896e187f8c50da92fd38eb\" style=\"font-size:14px\">Craft beer salvia celiac mlkshk. Pinterest celiac tumblr, portland salvia skateboard cliche thundercats. Tattooed chia austin hell.<a href=\"https:\/\/besmuclean.com\/index.php\/autositzreinigungsdienste-besmu-clean-professionelle\/\" title=\"\">Mehr lesen&#8230;<\/a><\/p>\n\n\n\n<div style=\"height:20px\" aria-hidden=\"true\" class=\"wp-block-spacer\"><\/div>\n<\/div><\/div>\n<\/div>\n<\/div>\n\n\n\n<div class=\"wp-block-columns is-layout-flex wp-container-core-columns-layout-4 wp-block-columns-is-layout-flex\">\n<div class=\"wp-block-column is-layout-flow wp-block-column-is-layout-flow\">\n<div class=\"wp-block-media-text is-stacked-on-mobile is-vertically-aligned-center is-image-fill has-white-background-color has-background\" style=\"grid-template-columns:37% auto\"><figure class=\"wp-block-media-text__media\" style=\"background-image:url(http:\/\/besmuclean.com\/wp-content\/uploads\/2024\/02\/autopflege-hildesheim_autoreinigung-jpg.webp);background-position:56% 60%\"><a href=\"https:\/\/besmuclean.com\/index.php\/profesyonel-autoreinigung-fuer-ihr-fahrzeug\/\"><img data-dominant-color=\"545b5e\" data-has-transparency=\"false\" style=\"--dominant-color: #545b5e;\" loading=\"lazy\" decoding=\"async\" width=\"1000\" height=\"668\" src=\"http:\/\/besmuclean.com\/wp-content\/uploads\/2024\/02\/autopflege-hildesheim_autoreinigung-jpg.webp\" alt=\"\" class=\"not-transparent wp-image-229 size-full\" srcset=\"https:\/\/besmuclean.com\/wp-content\/uploads\/2024\/02\/autopflege-hildesheim_autoreinigung-jpg.webp 1000w, https:\/\/besmuclean.com\/wp-content\/uploads\/2024\/02\/autopflege-hildesheim_autoreinigung-300x200.webp 300w, https:\/\/besmuclean.com\/wp-content\/uploads\/2024\/02\/autopflege-hildesheim_autoreinigung-768x513.webp 768w, https:\/\/besmuclean.com\/wp-content\/uploads\/2024\/02\/autopflege-hildesheim_autoreinigung-360x240.webp 360w\" sizes=\"(max-width: 1000px) 100vw, 1000px\" \/><\/a><\/figure><div class=\"wp-block-media-text__content\">\n<div style=\"height:24px\" aria-hidden=\"true\" class=\"wp-block-spacer\"><\/div>\n\n\n\n<h3 class=\"wp-block-heading has-medium-font-size\"><a href=\"https:\/\/besmuclean.com\/index.php\/profesyonel-autoreinigung-fuer-ihr-fahrzeug\/\" title=\"\">Autoreinigung<\/a><\/h3>\n\n\n\n<p class=\"has-black-color has-text-color has-link-color wp-elements-08267817a579c386b0c6a0c708f672fe\" style=\"font-size:14px\">Besmu Clean steht f\u00fcr erstklassige Autoreinigungsdienstleistungen, um Ihr Fahrzeug strahlend sauber und gepflegt zu halten. <a href=\"https:\/\/besmuclean.com\/index.php\/profesyonel-autoreinigung-fuer-ihr-fahrzeug\/\" title=\"\">Mehr lesen&#8230;<\/a><\/p>\n\n\n\n<div style=\"height:20px\" aria-hidden=\"true\" class=\"wp-block-spacer\"><\/div>\n<\/div><\/div>\n<\/div>\n\n\n\n<div class=\"wp-block-column is-layout-flow wp-block-column-is-layout-flow\">\n<div class=\"wp-block-media-text is-stacked-on-mobile is-vertically-aligned-center is-image-fill card-shadow has-white-background-color has-background\"><figure class=\"wp-block-media-text__media\" style=\"background-image:url(https:\/\/besmuclean.com\/wp-content\/uploads\/2024\/02\/MEZI-Hausmeister-Service-Reinigung-Pflege-1024x597.webp);background-position:90% 60%\"><a href=\"https:\/\/besmuclean.com\/index.php\/reinigung-professionelle-fuer-ihr-zuhause-oder-buero\/\"><img data-dominant-color=\"c7c8c6\" data-has-transparency=\"false\" style=\"--dominant-color: #c7c8c6;\" loading=\"lazy\" decoding=\"async\" width=\"1024\" height=\"597\" src=\"https:\/\/besmuclean.com\/wp-content\/uploads\/2024\/02\/MEZI-Hausmeister-Service-Reinigung-Pflege-1024x597.webp\" alt=\"\" class=\"not-transparent wp-image-244 size-full\" srcset=\"https:\/\/besmuclean.com\/wp-content\/uploads\/2024\/02\/MEZI-Hausmeister-Service-Reinigung-Pflege-1024x597.webp 1024w, https:\/\/besmuclean.com\/wp-content\/uploads\/2024\/02\/MEZI-Hausmeister-Service-Reinigung-Pflege-300x175.webp 300w, https:\/\/besmuclean.com\/wp-content\/uploads\/2024\/02\/MEZI-Hausmeister-Service-Reinigung-Pflege-768x448.webp 768w, https:\/\/besmuclean.com\/wp-content\/uploads\/2024\/02\/MEZI-Hausmeister-Service-Reinigung-Pflege-jpg.webp 1200w\" sizes=\"(max-width: 1024px) 100vw, 1024px\" \/><\/a><\/figure><div class=\"wp-block-media-text__content\">\n<div style=\"height:24px\" aria-hidden=\"true\" class=\"wp-block-spacer\"><\/div>\n\n\n\n<h3 class=\"wp-block-heading has-medium-font-size\"><a href=\"https:\/\/besmuclean.com\/index.php\/2025\/10\/17\/reinigung-koblenz-besmuclean-bringt-neuen-glanz-in-ihr-zuhause\/\" title=\"\">Reinigung<\/a><\/h3>\n\n\n\n<p class=\"has-black-color has-text-color has-link-color wp-elements-ebcf66a2c568ed7fe9a5463746d72b0d\" style=\"font-size:14px\">Bei Besmu Clean verstehen wir die Bedeutung eines sauberen und gepflegten Wohn- oder Arbeitsumfelds. Unsere Reinigungsdienstleistungen bieten <a href=\"https:\/\/besmuclean.com\/index.php\/reinigung-professionelle-fuer-ihr-zuhause-oder-buero\/\" title=\"\">Mehr lesen&#8230;<\/a><\/p>\n<\/div><\/div>\n<\/div>\n\n\n\n<div class=\"wp-block-column is-layout-flow wp-block-column-is-layout-flow\">\n<div class=\"wp-block-media-text is-stacked-on-mobile is-vertically-aligned-center is-image-fill card-shadow has-white-background-color has-background\" style=\"grid-template-columns:47% auto\"><figure class=\"wp-block-media-text__media\" style=\"background-image:url(http:\/\/besmuclean.com\/wp-content\/uploads\/2024\/02\/polsterreinigung-1-jpg.webp);background-position:77% 76%\"><a href=\"https:\/\/besmuclean.com\/index.php\/sofareinigung-professionelle-fuer-ein-frisches-zuhause\/\"><img data-dominant-color=\"d3cec6\" data-has-transparency=\"false\" style=\"--dominant-color: #d3cec6;\" loading=\"lazy\" decoding=\"async\" width=\"1000\" height=\"667\" src=\"http:\/\/besmuclean.com\/wp-content\/uploads\/2024\/02\/polsterreinigung-1-jpg.webp\" alt=\"\" class=\"not-transparent wp-image-226 size-full\" srcset=\"https:\/\/besmuclean.com\/wp-content\/uploads\/2024\/02\/polsterreinigung-1-jpg.webp 1000w, https:\/\/besmuclean.com\/wp-content\/uploads\/2024\/02\/polsterreinigung-1-300x200.webp 300w, https:\/\/besmuclean.com\/wp-content\/uploads\/2024\/02\/polsterreinigung-1-768x512.webp 768w, https:\/\/besmuclean.com\/wp-content\/uploads\/2024\/02\/polsterreinigung-1-360x240.webp 360w\" sizes=\"(max-width: 1000px) 100vw, 1000px\" \/><\/a><\/figure><div class=\"wp-block-media-text__content\">\n<div style=\"height:24px\" aria-hidden=\"true\" class=\"wp-block-spacer\"><\/div>\n\n\n\n<h3 class=\"wp-block-heading has-medium-font-size\"><a href=\"https:\/\/besmuclean.com\/index.php\/sofareinigung-professionelle-fuer-ein-frisches-zuhause\/\" title=\"\">Sofareinigung<\/a><\/h3>\n\n\n\n<p class=\"has-black-color has-text-color has-link-color wp-elements-00d3dd565701f00f15da90152d213b85\" style=\"font-size:14px\">Locavore pinterest chambray affogato art party, forage coloring book typewriter. Bitters cold selfies, retro celiac sartorial mustache.<a href=\"https:\/\/besmuclean.com\/index.php\/sofareinigung-professionelle-fuer-ein-frisches-zuhause\/\" title=\"\">Mehr lesen&#8230;<\/a><\/p>\n<\/div><\/div>\n<\/div>\n<\/div>\n\n\n\n<div class=\"wp-block-columns is-layout-flex wp-container-core-columns-layout-6 wp-block-columns-is-layout-flex\">\n<div class=\"wp-block-column is-layout-flow wp-block-column-is-layout-flow\">\n<h3 class=\"wp-block-heading has-medium-font-size\"><a href=\"https:\/\/besmuclean.com\/index.php\/sofareinigung-professionelle-fuer-ein-frisches-zuhause\/\" title=\"\">Matratzenreinigung<\/a><\/h3>\n\n\n\n<div class=\"wp-block-group is-layout-constrained wp-block-group-is-layout-constrained\"><div class=\"wp-block-group__inner-container\">\n<p class=\"has-black-color has-text-color has-link-color wp-elements-00d3dd565701f00f15da90152d213b85\" style=\"font-size:14px\">Locavore pinterest chambray affogato art party, forage coloring book typewriter. Bitters cold selfies, retro celiac sartorial mustache.<a href=\"https:\/\/besmuclean.com\/index.php\/sofareinigung-professionelle-fuer-ein-frisches-zuhause\/\" title=\"\">Mehr lesen&#8230;<\/a><\/p>\n\n\n\n<div class=\"wp-block-columns is-layout-flex wp-container-core-columns-layout-5 wp-block-columns-is-layout-flex\">\n<div class=\"wp-block-column is-layout-flow wp-block-column-is-layout-flow\" style=\"flex-basis:66.66%\">\n<figure class=\"wp-block-gallery has-nested-images columns-default is-cropped wp-block-gallery-1 is-layout-flex wp-block-gallery-is-layout-flex\">\n<figure class=\"wp-block-image size-large\"><img data-dominant-color=\"b5b8b2\" data-has-transparency=\"false\" style=\"--dominant-color: #b5b8b2;\" loading=\"lazy\" decoding=\"async\" width=\"1024\" height=\"512\" src=\"https:\/\/besmuclean.com\/wp-content\/uploads\/2024\/02\/1248-1-1024x512.webp\" alt=\"\" class=\"not-transparent wp-image-305\" srcset=\"https:\/\/besmuclean.com\/wp-content\/uploads\/2024\/02\/1248-1-1024x512.webp 1024w, https:\/\/besmuclean.com\/wp-content\/uploads\/2024\/02\/1248-1-300x150.webp 300w, https:\/\/besmuclean.com\/wp-content\/uploads\/2024\/02\/1248-1-768x384.webp 768w, https:\/\/besmuclean.com\/wp-content\/uploads\/2024\/02\/1248-1-jpg.webp 1200w\" sizes=\"(max-width: 1024px) 100vw, 1024px\" \/><\/figure>\n<\/figure>\n<\/div>\n\n\n\n<div class=\"wp-block-column is-layout-flow wp-block-column-is-layout-flow\" style=\"flex-basis:33.33%\"><\/div>\n<\/div>\n<\/div><\/div>\n<\/div>\n<\/div>\n<\/div><\/div>\n\n\n\n<div class=\"wp-block-columns container is-layout-flex wp-container-core-columns-layout-7 wp-block-columns-is-layout-flex\">\n<div class=\"wp-block-column col-md-5 is-layout-flow wp-block-column-is-layout-flow\">\n<h2 class=\"wp-block-heading\">\u00dcber Uns<\/h2>\n\n\n\n<p>BesMu Clean, seit \u00fcber 5 Jahren in Koblenz, Deutschland, t\u00e4tig und bietet professionelle Polsterreinigungsdienste an. Mit unserem erfahrenen Team und modernster Ausstattung bieten wir unseren Kunden hochwertige und zuverl\u00e4ssige Reinigungsdienstleistungen<\/p>\n<\/div>\n\n\n\n<div class=\"wp-block-column col-md-6 col-md-offset1 is-layout-flow wp-block-column-is-layout-flow\">\n<p><\/p>\n\n\n\n<figure class=\"wp-block-embed is-type-video is-provider-youtube wp-block-embed-youtube wp-embed-aspect-16-9 wp-has-aspect-ratio\"><div class=\"wp-block-embed__wrapper\">\n<iframe loading=\"lazy\" title=\"BesMuClean\" width=\"563\" height=\"1000\" src=\"https:\/\/www.youtube.com\/embed\/kQdlKa6t9SQ?feature=oembed&#038;enablejsapi=1&#038;origin=https:\/\/besmuclean.com\" frameborder=\"0\" allow=\"accelerometer; autoplay; clipboard-write; encrypted-media; gyroscope; picture-in-picture; web-share\" referrerpolicy=\"strict-origin-when-cross-origin\" allowfullscreen><\/iframe>\n<\/div><\/figure>\n<\/div>\n<\/div>\n","protected":false},"excerpt":{"rendered":"<p>\u00dcber Uns BesMu Clean, seit \u00fcber 5 Jahren in Koblenz, Deutschland, t\u00e4tig und bietet professionelle Polsterreinigungsdienste an. Mit unserem erfahrenen Team und modernster Ausstattung bieten wir unseren Kunden hochwertige und zuverl\u00e4ssige Reinigungsdienstleistungen<\/p>\n","protected":false},"author":1,"featured_media":65,"parent":0,"menu_order":0,"comment_status":"closed","ping_status":"closed","template":"","meta":{"om_disable_all_campaigns":false,"_monsterinsights_skip_tracking":false,"_monsterinsights_sitenote_active":false,"_monsterinsights_sitenote_note":"","_monsterinsights_sitenote_category":0,"_uf_show_specific_survey":0,"_uf_disable_surveys":false,"footnotes":""},"aioseo_notices":[],"_links":{"self":[{"href":"https:\/\/besmuclean.com\/index.php\/wp-json\/wp\/v2\/pages\/12"}],"collection":[{"href":"https:\/\/besmuclean.com\/index.php\/wp-json\/wp\/v2\/pages"}],"about":[{"href":"https:\/\/besmuclean.com\/index.php\/wp-json\/wp\/v2\/types\/page"}],"author":[{"embeddable":true,"href":"https:\/\/besmuclean.com\/index.php\/wp-json\/wp\/v2\/users\/1"}],"replies":[{"embeddable":true,"href":"https:\/\/besmuclean.com\/index.php\/wp-json\/wp\/v2\/comments?post=12"}],"version-history":[{"count":59,"href":"https:\/\/besmuclean.com\/index.php\/wp-json\/wp\/v2\/pages\/12\/revisions"}],"predecessor-version":[{"id":546,"href":"https:\/\/besmuclean.com\/index.php\/wp-json\/wp\/v2\/pages\/12\/revisions\/546"}],"wp:featuredmedia":[{"embeddable":true,"href":"https:\/\/besmuclean.com\/index.php\/wp-json\/wp\/v2\/media\/65"}],"wp:attachment":[{"href":"https:\/\/besmuclean.com\/index.php\/wp-json\/wp\/v2\/media?parent=12"}],"curies":[{"name":"wp","href":"https:\/\/api.w.org\/{rel}","templated":true}]}}