{"id":159,"date":"2024-02-15T00:15:55","date_gmt":"2024-02-14T21:15:55","guid":{"rendered":"https:\/\/besmuclean.com\/?page_id=159"},"modified":"2024-03-10T16:38:30","modified_gmt":"2024-03-10T13:38:30","slug":"viedo-galerie","status":"publish","type":"page","link":"https:\/\/besmuclean.com\/index.php\/viedo-galerie\/","title":{"rendered":"Viedo Galerie"},"content":{"rendered":"\n<div class=\"wp-block-columns is-layout-flex wp-container-core-columns-layout-1 wp-block-columns-is-layout-flex\">\n<div class=\"wp-block-column is-layout-flow wp-block-column-is-layout-flow\">\n<figure class=\"wp-block-embed is-type-video is-provider-youtube wp-block-embed-youtube wp-embed-aspect-16-9 wp-has-aspect-ratio\"><div class=\"wp-block-embed__wrapper\">\n<iframe loading=\"lazy\" title=\"BesMuClean\" width=\"563\" height=\"1000\" src=\"https:\/\/www.youtube.com\/embed\/J44SSKCI17c?feature=oembed\" frameborder=\"0\" allow=\"accelerometer; autoplay; clipboard-write; encrypted-media; gyroscope; picture-in-picture; web-share\" referrerpolicy=\"strict-origin-when-cross-origin\" allowfullscreen><\/iframe>\n<\/div><\/figure>\n<\/div>\n<\/div>\n\n\n\n<p>Entdecken Sie unseren professionellen Sofareinigungsservice! Wir verwenden die neuesten Techniken, um Ihre Sofas gr\u00fcndlich zu reinigen. Schauen Sie sich das Video f\u00fcr weitere Informationen an<\/p>\n\n\n\n<figure class=\"wp-block-embed is-type-video is-provider-youtube wp-block-embed-youtube wp-embed-aspect-16-9 wp-has-aspect-ratio\"><div class=\"wp-block-embed__wrapper\">\n<iframe loading=\"lazy\" title=\"BesMuClean\" width=\"563\" height=\"1000\" src=\"https:\/\/www.youtube.com\/embed\/4vLVNokE864?feature=oembed\" frameborder=\"0\" allow=\"accelerometer; autoplay; clipboard-write; encrypted-media; gyroscope; picture-in-picture; web-share\" referrerpolicy=\"strict-origin-when-cross-origin\" allowfullscreen><\/iframe>\n<\/div><\/figure>\n\n\n\n<p>Entdecken Sie unsere erstklassigen Sofareinigungsdienste! Wir nutzen modernste Techniken f\u00fcr eine gr\u00fcndliche Sofa-Reinigung. Schauen Sie sich das Video f\u00fcr detaillierte Informationen an.<\/p>\n\n\n\n<figure class=\"wp-block-embed is-type-video is-provider-youtube wp-block-embed-youtube wp-embed-aspect-16-9 wp-has-aspect-ratio\"><div class=\"wp-block-embed__wrapper\">\n<iframe loading=\"lazy\" title=\"Autoreinigung Koblenz\" width=\"563\" height=\"1000\" src=\"https:\/\/www.youtube.com\/embed\/1HuxkahA5RQ?feature=oembed\" frameborder=\"0\" allow=\"accelerometer; autoplay; clipboard-write; encrypted-media; gyroscope; picture-in-picture; web-share\" referrerpolicy=\"strict-origin-when-cross-origin\" allowfullscreen><\/iframe>\n<\/div><\/figure>\n\n\n\n<p><\/p>\n\n\n\n<figure class=\"wp-block-embed is-type-video is-provider-youtube wp-block-embed-youtube wp-embed-aspect-16-9 wp-has-aspect-ratio\"><div class=\"wp-block-embed__wrapper\">\n<iframe loading=\"lazy\" title=\"Besmu clean\" width=\"563\" height=\"1000\" src=\"https:\/\/www.youtube.com\/embed\/wM_4JkV1X8E?feature=oembed\" frameborder=\"0\" allow=\"accelerometer; autoplay; clipboard-write; encrypted-media; gyroscope; picture-in-picture; web-share\" referrerpolicy=\"strict-origin-when-cross-origin\" allowfullscreen><\/iframe>\n<\/div><figcaption class=\"wp-element-caption\">Lassen ihre Polster gl\u00e4nzen mit uns<\/figcaption><\/figure>\n\n\n\n<figure class=\"wp-block-embed is-type-video is-provider-youtube wp-block-embed-youtube wp-embed-aspect-16-9 wp-has-aspect-ratio\"><div class=\"wp-block-embed__wrapper\">\n<iframe loading=\"lazy\" title=\"BesMuClean\" width=\"563\" height=\"1000\" src=\"https:\/\/www.youtube.com\/embed\/GD2kiijd2LQ?feature=oembed\" frameborder=\"0\" allow=\"accelerometer; autoplay; clipboard-write; encrypted-media; gyroscope; picture-in-picture; web-share\" referrerpolicy=\"strict-origin-when-cross-origin\" allowfullscreen><\/iframe>\n<\/div><\/figure>\n\n\n\n<p>Shampoo<\/p>\n\n\n\n<figure class=\"wp-block-embed is-type-video is-provider-youtube wp-block-embed-youtube wp-embed-aspect-16-9 wp-has-aspect-ratio\"><div class=\"wp-block-embed__wrapper\">\n<iframe loading=\"lazy\" title=\"BesMuClean\" width=\"563\" height=\"1000\" src=\"https:\/\/www.youtube.com\/embed\/kQdlKa6t9SQ?feature=oembed\" frameborder=\"0\" allow=\"accelerometer; autoplay; clipboard-write; encrypted-media; gyroscope; picture-in-picture; web-share\" referrerpolicy=\"strict-origin-when-cross-origin\" allowfullscreen><\/iframe>\n<\/div><figcaption class=\"wp-element-caption\">Polsterreinigung in Frankfurt<\/figcaption><\/figure>\n","protected":false},"excerpt":{"rendered":"<p>Entdecken Sie unseren professionellen Sofareinigungsservice! Wir verwenden die neuesten Techniken, um Ihre Sofas gr\u00fcndlich zu reinigen. Schauen Sie sich das Video f\u00fcr weitere Informationen an Entdecken Sie unsere erstklassigen Sofareinigungsdienste! Wir nutzen modernste Techniken f\u00fcr eine gr\u00fcndliche Sofa-Reinigung. Schauen Sie sich das Video f\u00fcr detaillierte Informationen an. Shampoo<\/p>\n","protected":false},"author":1,"featured_media":0,"parent":0,"menu_order":0,"comment_status":"closed","ping_status":"closed","template":"","meta":{"om_disable_all_campaigns":false,"_monsterinsights_skip_tracking":false,"_monsterinsights_sitenote_active":false,"_monsterinsights_sitenote_note":"","_monsterinsights_sitenote_category":0,"_uf_show_specific_survey":0,"_uf_disable_surveys":false,"footnotes":""},"aioseo_notices":[],"_links":{"self":[{"href":"https:\/\/besmuclean.com\/index.php\/wp-json\/wp\/v2\/pages\/159"}],"collection":[{"href":"https:\/\/besmuclean.com\/index.php\/wp-json\/wp\/v2\/pages"}],"about":[{"href":"https:\/\/besmuclean.com\/index.php\/wp-json\/wp\/v2\/types\/page"}],"author":[{"embeddable":true,"href":"https:\/\/besmuclean.com\/index.php\/wp-json\/wp\/v2\/users\/1"}],"replies":[{"embeddable":true,"href":"https:\/\/besmuclean.com\/index.php\/wp-json\/wp\/v2\/comments?post=159"}],"version-history":[{"count":11,"href":"https:\/\/besmuclean.com\/index.php\/wp-json\/wp\/v2\/pages\/159\/revisions"}],"predecessor-version":[{"id":460,"href":"https:\/\/besmuclean.com\/index.php\/wp-json\/wp\/v2\/pages\/159\/revisions\/460"}],"wp:attachment":[{"href":"https:\/\/besmuclean.com\/index.php\/wp-json\/wp\/v2\/media?parent=159"}],"curies":[{"name":"wp","href":"https:\/\/api.w.org\/{rel}","templated":true}]}}