{"id":2,"date":"2024-02-13T23:34:45","date_gmt":"2024-02-13T20:34:45","guid":{"rendered":"http:\/\/besmuclean.com\/?page_id=2"},"modified":"2025-10-05T09:01:48","modified_gmt":"2025-10-05T06:01:48","slug":"ornek-sayfa","status":"publish","type":"page","link":"https:\/\/besmuclean.com\/index.php\/ornek-sayfa\/","title":{"rendered":"\u00dcber Uns"},"content":{"rendered":"\n<p>BesMu Clean ist Ihr etablierter Spezialist f\u00fcr professionelle <strong>Teppichreinigung<\/strong> mit \u00fcber 5 Jahren Erfahrung in Koblenz. Als Ihr erster Ansprechpartner f\u00fcr die tiefgehende und materialschonende Pflege Ihrer Teppiche haben wir uns durch h\u00f6chste Qualit\u00e4tsstandards als vertrauensw\u00fcrdiger Partner f\u00fcr unsere Kunden etabliert. Neben unserem Hauptfokus auf die <strong>Teppichreinigung<\/strong> bieten wir auch einen erstklassigen Service f\u00fcr die <strong>Sofareinigung<\/strong> an.<\/p>\n\n\n\n<p>Seit unserer Gr\u00fcndung haben wir uns stets bem\u00fcht, erstklassige Dienstleistungen anzubieten. Unser erfahrenes Team besteht aus spezialisierten Fachkr\u00e4ften, die mit modernster Ausstattung und innovativen Reinigungstechniken arbeiten. Auf diese Weise k\u00f6nnen wir selbst die anspruchsvollsten Reinigungsaufgaben bew\u00e4ltigen und unseren Kunden Ergebnisse von h\u00f6chster Qualit\u00e4t garantieren.<\/p>\n\n\n\n<p>Unser Ziel ist es, Ihren <strong>Teppichen<\/strong> und Polsterm\u00f6beln neues Leben einzuhauchen und gleichzeitig sicherzustellen, dass Ihre Umgebung sauber, frisch und hygienisch bleibt. Wir verstehen, dass jeder Kunde einzigartige Anforderungen hat, daher bieten wir ma\u00dfgeschneiderte L\u00f6sungen an, die auf Ihre individuellen Bed\u00fcrfnisse zugeschnitten sind.<\/p>\n\n\n\n<p>Bei BesMu Clean steht die Zufriedenheit unserer Kunden an erster Stelle. Wir legen gro\u00dfen Wert auf eine offene Kommunikation und transparente Arbeitsweise, um sicherzustellen, dass Ihre Erwartungen \u00fcbertroffen werden. Ihre Zufriedenheit ist unser gr\u00f6\u00dftes Anliegen, und wir arbeiten hart daran, dies bei jedem Auftrag zu gew\u00e4hrleisten.<\/p>\n\n\n\n<p>Kontaktieren Sie uns noch heute, um mehr \u00fcber unsere professionelle <strong>Teppich- und Sofareinigung<\/strong> zu erfahren. Lassen Sie BesMu Clean Ihr Vertrauen verdienen und erleben Sie den Unterschied, den professionelle Reinigungsdienstleistungen machen k\u00f6nnen.<\/p>\n","protected":false},"excerpt":{"rendered":"<p>BesMu Clean ist Ihr etablierter Spezialist f\u00fcr professionelle Teppichreinigung mit \u00fcber 5 Jahren Erfahrung in Koblenz. Als Ihr erster Ansprechpartner f\u00fcr die tiefgehende und materialschonende Pflege Ihrer Teppiche haben wir uns durch h\u00f6chste Qualit\u00e4tsstandards als vertrauensw\u00fcrdiger Partner f\u00fcr unsere Kunden etabliert. Neben unserem Hauptfokus auf die Teppichreinigung bieten wir auch [&hellip;]<\/p>\n","protected":false},"author":1,"featured_media":227,"parent":0,"menu_order":0,"comment_status":"closed","ping_status":"open","template":"","meta":{"om_disable_all_campaigns":false,"_monsterinsights_skip_tracking":false,"_monsterinsights_sitenote_active":false,"_monsterinsights_sitenote_note":"","_monsterinsights_sitenote_category":0,"_uf_show_specific_survey":0,"_uf_disable_surveys":false,"footnotes":""},"aioseo_notices":[],"_links":{"self":[{"href":"https:\/\/besmuclean.com\/index.php\/wp-json\/wp\/v2\/pages\/2"}],"collection":[{"href":"https:\/\/besmuclean.com\/index.php\/wp-json\/wp\/v2\/pages"}],"about":[{"href":"https:\/\/besmuclean.com\/index.php\/wp-json\/wp\/v2\/types\/page"}],"author":[{"embeddable":true,"href":"https:\/\/besmuclean.com\/index.php\/wp-json\/wp\/v2\/users\/1"}],"replies":[{"embeddable":true,"href":"https:\/\/besmuclean.com\/index.php\/wp-json\/wp\/v2\/comments?post=2"}],"version-history":[{"count":4,"href":"https:\/\/besmuclean.com\/index.php\/wp-json\/wp\/v2\/pages\/2\/revisions"}],"predecessor-version":[{"id":444,"href":"https:\/\/besmuclean.com\/index.php\/wp-json\/wp\/v2\/pages\/2\/revisions\/444"}],"wp:featuredmedia":[{"embeddable":true,"href":"https:\/\/besmuclean.com\/index.php\/wp-json\/wp\/v2\/media\/227"}],"wp:attachment":[{"href":"https:\/\/besmuclean.com\/index.php\/wp-json\/wp\/v2\/media?parent=2"}],"curies":[{"name":"wp","href":"https:\/\/api.w.org\/{rel}","templated":true}]}}