{"id":212,"date":"2024-02-19T15:19:11","date_gmt":"2024-02-19T12:19:11","guid":{"rendered":"https:\/\/besmuclean.com\/?page_id=212"},"modified":"2024-02-19T16:51:01","modified_gmt":"2024-02-19T13:51:01","slug":"dienstleistungen","status":"publish","type":"page","link":"https:\/\/besmuclean.com\/index.php\/dienstleistungen\/","title":{"rendered":"Dienstleistungen"},"content":{"rendered":"\n<div class=\"wp-block-columns is-layout-flex wp-container-core-columns-layout-1 wp-block-columns-is-layout-flex\">\n<div class=\"wp-block-column is-layout-flow wp-block-column-is-layout-flow\">\n<div class=\"wp-block-media-text is-stacked-on-mobile is-vertically-aligned-center is-image-fill card-shadow has-white-background-color has-background\"><figure class=\"wp-block-media-text__media\" style=\"background-image:url(http:\/\/besmuclean.com\/wp-content\/uploads\/2024\/02\/Depositphotos_139874806_S-min-jpg.webp);background-position:58% 76%\"><a href=\"https:\/\/besmuclean.com\/index.php\/polsterreinigung-besmu-clean-professionelle\/\"><img data-dominant-color=\"9c9087\" data-has-transparency=\"false\" style=\"--dominant-color: #9c9087;\" loading=\"lazy\" decoding=\"async\" width=\"1000\" height=\"667\" src=\"http:\/\/besmuclean.com\/wp-content\/uploads\/2024\/02\/Depositphotos_139874806_S-min-jpg.webp\" alt=\"\" class=\"not-transparent wp-image-231 size-full\" srcset=\"https:\/\/besmuclean.com\/wp-content\/uploads\/2024\/02\/Depositphotos_139874806_S-min-jpg.webp 1000w, https:\/\/besmuclean.com\/wp-content\/uploads\/2024\/02\/Depositphotos_139874806_S-min-300x200.webp 300w, https:\/\/besmuclean.com\/wp-content\/uploads\/2024\/02\/Depositphotos_139874806_S-min-768x512.webp 768w, https:\/\/besmuclean.com\/wp-content\/uploads\/2024\/02\/Depositphotos_139874806_S-min-360x240.webp 360w\" sizes=\"(max-width: 1000px) 100vw, 1000px\" \/><\/a><\/figure><div class=\"wp-block-media-text__content\">\n<div style=\"height:24px\" aria-hidden=\"true\" class=\"wp-block-spacer\"><\/div>\n\n\n\n<h3 class=\"wp-block-heading has-medium-font-size\"><a href=\"https:\/\/besmuclean.com\/index.php\/polsterreinigung-besmu-clean-professionelle\/\" title=\"\">Polsterreinigung<\/a><\/h3>\n\n\n\n<p style=\"font-size:14px\"><strong>Polsterreinigung Besmu Clean Professionelle<\/strong><br>Die Sauberkeit Ihrer Sofas, Couches und St\u00fchle zu Hause oder im B\u00fcro ist wichtig. <a href=\"https:\/\/besmuclean.com\/index.php\/polsterreinigung-besmu-clean-professionelle\/\" title=\"\">Mehr lesen<\/a>&#8230;<\/p>\n<\/div><\/div>\n<\/div>\n\n\n\n<div class=\"wp-block-column is-layout-flow wp-block-column-is-layout-flow\">\n<div class=\"wp-block-media-text is-stacked-on-mobile is-vertically-aligned-center is-image-fill has-white-background-color has-background\" style=\"grid-template-columns:53% auto\"><figure class=\"wp-block-media-text__media\" style=\"background-image:url(http:\/\/besmuclean.com\/wp-content\/uploads\/2024\/02\/teppichreinigung12-jpg.webp);background-position:24% 40%\"><a href=\"https:\/\/besmuclean.com\/index.php\/bueroteppichreinigung-fuer-ein-frisches-arbeitsumfeld\/\"><img data-dominant-color=\"6e6f7f\" data-has-transparency=\"false\" style=\"--dominant-color: #6e6f7f;\" loading=\"lazy\" decoding=\"async\" width=\"1000\" height=\"667\" src=\"http:\/\/besmuclean.com\/wp-content\/uploads\/2024\/02\/teppichreinigung12-jpg.webp\" alt=\"\" class=\"not-transparent wp-image-227 size-full\" srcset=\"https:\/\/besmuclean.com\/wp-content\/uploads\/2024\/02\/teppichreinigung12-jpg.webp 1000w, https:\/\/besmuclean.com\/wp-content\/uploads\/2024\/02\/teppichreinigung12-300x200.webp 300w, https:\/\/besmuclean.com\/wp-content\/uploads\/2024\/02\/teppichreinigung12-768x512.webp 768w, https:\/\/besmuclean.com\/wp-content\/uploads\/2024\/02\/teppichreinigung12-360x240.webp 360w\" sizes=\"(max-width: 1000px) 100vw, 1000px\" \/><\/a><\/figure><div class=\"wp-block-media-text__content\">\n<div style=\"height:24px\" aria-hidden=\"true\" class=\"wp-block-spacer\"><\/div>\n\n\n\n<h3 class=\"wp-block-heading has-medium-font-size\"><a href=\"https:\/\/besmuclean.com\/index.php\/bueroteppichreinigung-fuer-ein-frisches-arbeitsumfeld\/\" title=\"\">Buroteppichreinigung<\/a><\/h3>\n\n\n\n<p style=\"font-size:14px\">B\u00fcroteppichreinigung: Saubere Teppiche sorgen f\u00fcr angenehmes Arbeitsumfeld. Wir halten Ihre B\u00f6den frei von Schmutz, Flecken &amp; Ger\u00fcchen. <a href=\"https:\/\/besmuclean.com\/index.php\/bueroteppichreinigung-fuer-ein-frisches-arbeitsumfeld\/\" title=\"\">Mehr lesen..<\/a>.<\/p>\n<\/div><\/div>\n<\/div>\n\n\n\n<div class=\"wp-block-column is-layout-flow wp-block-column-is-layout-flow\">\n<div class=\"wp-block-media-text is-stacked-on-mobile is-vertically-aligned-center is-image-fill has-white-background-color has-background\" style=\"grid-template-columns:40% auto\"><figure class=\"wp-block-media-text__media\" style=\"background-image:url(http:\/\/besmuclean.com\/wp-content\/uploads\/2024\/02\/autositze-reinigen-jpg.webp);background-position:48% 38%\"><a href=\"https:\/\/besmuclean.com\/index.php\/autositzreinigungsdienste-besmu-clean-professionelle\/\"><img data-dominant-color=\"4e4644\" data-has-transparency=\"false\" style=\"--dominant-color: #4e4644;\" loading=\"lazy\" decoding=\"async\" width=\"1000\" height=\"667\" src=\"http:\/\/besmuclean.com\/wp-content\/uploads\/2024\/02\/autositze-reinigen-jpg.webp\" alt=\"\" class=\"not-transparent wp-image-228 size-full\" srcset=\"https:\/\/besmuclean.com\/wp-content\/uploads\/2024\/02\/autositze-reinigen-jpg.webp 1000w, https:\/\/besmuclean.com\/wp-content\/uploads\/2024\/02\/autositze-reinigen-300x200.webp 300w, https:\/\/besmuclean.com\/wp-content\/uploads\/2024\/02\/autositze-reinigen-768x512.webp 768w, https:\/\/besmuclean.com\/wp-content\/uploads\/2024\/02\/autositze-reinigen-360x240.webp 360w\" sizes=\"(max-width: 1000px) 100vw, 1000px\" \/><\/a><\/figure><div class=\"wp-block-media-text__content\">\n<div style=\"height:24px\" aria-hidden=\"true\" class=\"wp-block-spacer\"><\/div>\n\n\n\n<h3 class=\"wp-block-heading has-medium-font-size\"><a href=\"https:\/\/besmuclean.com\/index.php\/autositzreinigungsdienste-besmu-clean-professionelle\/\" title=\"\">Autositzreinigung<\/a><\/h3>\n\n\n\n<p style=\"font-size:14px\">Craft beer salvia celiac mlkshk. Pinterest celiac tumblr, portland salvia skateboard cliche thundercats. Tattooed chia austin hell.<a href=\"https:\/\/besmuclean.com\/index.php\/autositzreinigungsdienste-besmu-clean-professionelle\/\" title=\"\">Mehr lesen&#8230;<\/a><\/p>\n\n\n\n<div style=\"height:20px\" aria-hidden=\"true\" class=\"wp-block-spacer\"><\/div>\n<\/div><\/div>\n<\/div>\n<\/div>\n\n\n\n<div class=\"wp-block-columns is-layout-flex wp-container-core-columns-layout-2 wp-block-columns-is-layout-flex\">\n<div class=\"wp-block-column is-layout-flow wp-block-column-is-layout-flow\">\n<div class=\"wp-block-media-text is-stacked-on-mobile is-vertically-aligned-center is-image-fill has-white-background-color has-background\" style=\"grid-template-columns:37% auto\"><figure class=\"wp-block-media-text__media\" style=\"background-image:url(http:\/\/besmuclean.com\/wp-content\/uploads\/2024\/02\/autopflege-hildesheim_autoreinigung-jpg.webp);background-position:56% 60%\"><a href=\"https:\/\/besmuclean.com\/index.php\/profesyonel-autoreinigung-fuer-ihr-fahrzeug\/\"><img data-dominant-color=\"545b5e\" data-has-transparency=\"false\" style=\"--dominant-color: #545b5e;\" loading=\"lazy\" decoding=\"async\" width=\"1000\" height=\"668\" src=\"http:\/\/besmuclean.com\/wp-content\/uploads\/2024\/02\/autopflege-hildesheim_autoreinigung-jpg.webp\" alt=\"\" class=\"not-transparent wp-image-229 size-full\" srcset=\"https:\/\/besmuclean.com\/wp-content\/uploads\/2024\/02\/autopflege-hildesheim_autoreinigung-jpg.webp 1000w, https:\/\/besmuclean.com\/wp-content\/uploads\/2024\/02\/autopflege-hildesheim_autoreinigung-300x200.webp 300w, https:\/\/besmuclean.com\/wp-content\/uploads\/2024\/02\/autopflege-hildesheim_autoreinigung-768x513.webp 768w, https:\/\/besmuclean.com\/wp-content\/uploads\/2024\/02\/autopflege-hildesheim_autoreinigung-360x240.webp 360w\" sizes=\"(max-width: 1000px) 100vw, 1000px\" \/><\/a><\/figure><div class=\"wp-block-media-text__content\">\n<div style=\"height:24px\" aria-hidden=\"true\" class=\"wp-block-spacer\"><\/div>\n\n\n\n<h3 class=\"wp-block-heading has-medium-font-size\"><a href=\"https:\/\/besmuclean.com\/index.php\/profesyonel-autoreinigung-fuer-ihr-fahrzeug\/\" title=\"\">Autoreinigung<\/a><\/h3>\n\n\n\n<p style=\"font-size:14px\">Besmu Clean steht f\u00fcr erstklassige Autoreinigungsdienstleistungen, um Ihr Fahrzeug strahlend sauber und gepflegt zu halten. <a href=\"https:\/\/besmuclean.com\/index.php\/profesyonel-autoreinigung-fuer-ihr-fahrzeug\/\" title=\"\">Mehr lesen&#8230;<\/a><\/p>\n\n\n\n<div style=\"height:20px\" aria-hidden=\"true\" class=\"wp-block-spacer\"><\/div>\n<\/div><\/div>\n<\/div>\n\n\n\n<div class=\"wp-block-column is-layout-flow wp-block-column-is-layout-flow\">\n<div class=\"wp-block-media-text is-stacked-on-mobile is-vertically-aligned-center is-image-fill card-shadow has-white-background-color has-background\"><figure class=\"wp-block-media-text__media\" style=\"background-image:url(https:\/\/besmuclean.com\/wp-content\/uploads\/2024\/02\/MEZI-Hausmeister-Service-Reinigung-Pflege-1024x597.webp);background-position:90% 60%\"><a href=\"https:\/\/besmuclean.com\/index.php\/reinigung-professionelle-fuer-ihr-zuhause-oder-buero\/\"><img data-dominant-color=\"c7c8c6\" data-has-transparency=\"false\" style=\"--dominant-color: #c7c8c6;\" loading=\"lazy\" decoding=\"async\" width=\"1024\" height=\"597\" src=\"https:\/\/besmuclean.com\/wp-content\/uploads\/2024\/02\/MEZI-Hausmeister-Service-Reinigung-Pflege-1024x597.webp\" alt=\"\" class=\"not-transparent wp-image-244 size-full\" srcset=\"https:\/\/besmuclean.com\/wp-content\/uploads\/2024\/02\/MEZI-Hausmeister-Service-Reinigung-Pflege-1024x597.webp 1024w, https:\/\/besmuclean.com\/wp-content\/uploads\/2024\/02\/MEZI-Hausmeister-Service-Reinigung-Pflege-300x175.webp 300w, https:\/\/besmuclean.com\/wp-content\/uploads\/2024\/02\/MEZI-Hausmeister-Service-Reinigung-Pflege-768x448.webp 768w, https:\/\/besmuclean.com\/wp-content\/uploads\/2024\/02\/MEZI-Hausmeister-Service-Reinigung-Pflege-jpg.webp 1200w\" sizes=\"(max-width: 1024px) 100vw, 1024px\" \/><\/a><\/figure><div class=\"wp-block-media-text__content\">\n<div style=\"height:24px\" aria-hidden=\"true\" class=\"wp-block-spacer\"><\/div>\n\n\n\n<h3 class=\"wp-block-heading has-medium-font-size\"><a href=\"https:\/\/besmuclean.com\/index.php\/reinigung-professionelle-fuer-ihr-zuhause-oder-buero\/\" title=\"\">Reinigung<\/a><\/h3>\n\n\n\n<p style=\"font-size:14px\">Bei Besmu Clean verstehen wir die Bedeutung eines sauberen und gepflegten Wohn- oder Arbeitsumfelds. Unsere Reinigungsdienstleistungen bieten <a href=\"https:\/\/besmuclean.com\/index.php\/reinigung-professionelle-fuer-ihr-zuhause-oder-buero\/\" title=\"\">Mehr lesen&#8230;<\/a><\/p>\n<\/div><\/div>\n<\/div>\n\n\n\n<div class=\"wp-block-column is-layout-flow wp-block-column-is-layout-flow\">\n<div class=\"wp-block-media-text is-stacked-on-mobile is-vertically-aligned-center is-image-fill card-shadow has-white-background-color has-background\" style=\"grid-template-columns:47% auto\"><figure class=\"wp-block-media-text__media\" style=\"background-image:url(http:\/\/besmuclean.com\/wp-content\/uploads\/2024\/02\/polsterreinigung-1-jpg.webp);background-position:77% 76%\"><a href=\"https:\/\/besmuclean.com\/index.php\/sofareinigung-professionelle-fuer-ein-frisches-zuhause\/\"><img data-dominant-color=\"d3cec6\" data-has-transparency=\"false\" style=\"--dominant-color: #d3cec6;\" loading=\"lazy\" decoding=\"async\" width=\"1000\" height=\"667\" src=\"http:\/\/besmuclean.com\/wp-content\/uploads\/2024\/02\/polsterreinigung-1-jpg.webp\" alt=\"\" class=\"not-transparent wp-image-226 size-full\" srcset=\"https:\/\/besmuclean.com\/wp-content\/uploads\/2024\/02\/polsterreinigung-1-jpg.webp 1000w, https:\/\/besmuclean.com\/wp-content\/uploads\/2024\/02\/polsterreinigung-1-300x200.webp 300w, https:\/\/besmuclean.com\/wp-content\/uploads\/2024\/02\/polsterreinigung-1-768x512.webp 768w, https:\/\/besmuclean.com\/wp-content\/uploads\/2024\/02\/polsterreinigung-1-360x240.webp 360w\" sizes=\"(max-width: 1000px) 100vw, 1000px\" \/><\/a><\/figure><div class=\"wp-block-media-text__content\">\n<div style=\"height:24px\" aria-hidden=\"true\" class=\"wp-block-spacer\"><\/div>\n\n\n\n<h3 class=\"wp-block-heading has-medium-font-size\"><a href=\"https:\/\/besmuclean.com\/index.php\/sofareinigung-professionelle-fuer-ein-frisches-zuhause\/\" title=\"\">Sofareinigung<\/a><\/h3>\n\n\n\n<p style=\"font-size:14px\">Locavore pinterest chambray affogato art party, forage coloring book typewriter. Bitters cold selfies, retro celiac sartorial mustache.<a href=\"https:\/\/besmuclean.com\/index.php\/sofareinigung-professionelle-fuer-ein-frisches-zuhause\/\" title=\"\">Mehr lesen&#8230;<\/a><\/p>\n<\/div><\/div>\n<\/div>\n<\/div>\n\n\n\n<p><\/p>\n","protected":false},"excerpt":{"rendered":"<p>Polsterreinigung Polsterreinigung Besmu Clean ProfessionelleDie Sauberkeit Ihrer Sofas, Couches und St\u00fchle zu Hause oder im B\u00fcro ist wichtig. Mehr lesen&#8230; Buroteppichreinigung B\u00fcroteppichreinigung: Saubere Teppiche sorgen f\u00fcr angenehmes Arbeitsumfeld. Wir halten Ihre B\u00f6den frei von Schmutz, Flecken &amp; Ger\u00fcchen. Mehr lesen&#8230; Autositzreinigung Craft beer salvia celiac mlkshk. Pinterest celiac tumblr, portland [&hellip;]<\/p>\n","protected":false},"author":2,"featured_media":231,"parent":0,"menu_order":0,"comment_status":"closed","ping_status":"closed","template":"","meta":{"om_disable_all_campaigns":false,"_monsterinsights_skip_tracking":false,"_monsterinsights_sitenote_active":false,"_monsterinsights_sitenote_note":"","_monsterinsights_sitenote_category":0,"_uf_show_specific_survey":0,"_uf_disable_surveys":false,"footnotes":""},"aioseo_notices":[],"_links":{"self":[{"href":"https:\/\/besmuclean.com\/index.php\/wp-json\/wp\/v2\/pages\/212"}],"collection":[{"href":"https:\/\/besmuclean.com\/index.php\/wp-json\/wp\/v2\/pages"}],"about":[{"href":"https:\/\/besmuclean.com\/index.php\/wp-json\/wp\/v2\/types\/page"}],"author":[{"embeddable":true,"href":"https:\/\/besmuclean.com\/index.php\/wp-json\/wp\/v2\/users\/2"}],"replies":[{"embeddable":true,"href":"https:\/\/besmuclean.com\/index.php\/wp-json\/wp\/v2\/comments?post=212"}],"version-history":[{"count":20,"href":"https:\/\/besmuclean.com\/index.php\/wp-json\/wp\/v2\/pages\/212\/revisions"}],"predecessor-version":[{"id":282,"href":"https:\/\/besmuclean.com\/index.php\/wp-json\/wp\/v2\/pages\/212\/revisions\/282"}],"wp:featuredmedia":[{"embeddable":true,"href":"https:\/\/besmuclean.com\/index.php\/wp-json\/wp\/v2\/media\/231"}],"wp:attachment":[{"href":"https:\/\/besmuclean.com\/index.php\/wp-json\/wp\/v2\/media?parent=212"}],"curies":[{"name":"wp","href":"https:\/\/api.w.org\/{rel}","templated":true}]}}