{"id":327,"date":"2024-02-26T22:22:27","date_gmt":"2024-02-26T19:22:27","guid":{"rendered":"https:\/\/besmuclean.com\/?page_id=327"},"modified":"2024-02-26T22:27:45","modified_gmt":"2024-02-26T19:27:45","slug":"teppichreinigung-professioneller-in-koblenz","status":"publish","type":"page","link":"https:\/\/besmuclean.com\/index.php\/teppichreinigung-professioneller-in-koblenz\/","title":{"rendered":"Teppichreinigung Professioneller  in Koblenz"},"content":{"rendered":"\n<p>Teppichreinigung Besmu Clean bietet unseren Kunden in Koblenz und Umgebung einen erstklassigen Teppichreinigungsservice. Wir sind hier, um Teppiche in Wohnungen, B\u00fcros oder Gesch\u00e4ftsr\u00e4umen gr\u00fcndlich zu reinigen. Wenn Sie in Deutschland eine zuverl\u00e4ssige L\u00f6sung f\u00fcr die Pflege und Reinigung Ihrer Teppiche suchen, sind Sie bei uns genau richtig.<\/p>\n\n\n\n<p><strong>Teppichreinigung: Expertenh\u00e4nde f\u00fcr Ihre Teppiche<\/strong><\/p>\n\n\n\n<p>Die Reinigung und Pflege von Teppichen erfordert Fachkenntnisse. Bei Besmu Clean sind wir Experten f\u00fcr Teppichreinigung. Wir verwenden f\u00fcr jeden Teppichtyp einen speziellen Ansatz und reinigen Ihre Teppiche gr\u00fcndlich mit den neuesten Technologien und Ger\u00e4ten. Egal, ob es sich um einen kleinen Teppich oder einen gro\u00dfen Teppich handelt, wir zeigen die n\u00f6tige Sorgfalt f\u00fcr die Reinigung jedes Teppichs.<\/p>\n\n\n\n<p><strong>Professionelles Team und Zuverl\u00e4ssiger Service<\/strong><\/p>\n\n\n\n<p>Die Zufriedenheit unserer Kunden steht bei uns an erster Stelle. Bei Besmu Clean verpflichten wir uns, jedem Kunden den bestm\u00f6glichen Service zu bieten. Unser professionelles Team ist geschult und erfahren darin, Ihre Teppiche effektiv und zuverl\u00e4ssig zu reinigen. Wir sind hier, um Ihnen einen vertrauensw\u00fcrdigen und ehrlichen Service zu bieten.<\/p>\n\n\n\n<p><strong>Umweltfreundliche Reinigungsmittel<\/strong><\/p>\n\n\n\n<p>Bei Besmu Clean legen wir Wert auf den Umweltschutz. Deshalb verwenden wir umweltfreundliche und sichere Reinigungsmittel f\u00fcr die Teppichreinigung. Diese Produkte sorgen f\u00fcr saubere Teppiche und gleichzeitig f\u00fcr den Schutz der Umwelt.<\/p>\n\n\n\n<p><strong>Schneller und Effizienter Service<\/strong><\/p>\n\n\n\n<p>Wir respektieren die Zeit unserer Kunden. Daher bieten wir unsere Teppichreinigungsdienste schnell und effizient an. Wir vereinbaren Termine nach Ihren W\u00fcnschen und f\u00fchren die Reinigungsarbeiten termingerecht durch.<\/p>\n\n\n\n<p>Besmu Clean ist hier, um unseren Kunden in Koblenz und Umgebung den besten Teppichreinigungsservice zu bieten. Wir freuen uns darauf, Ihre Teppiche sauber, frisch und wie neu zu machen. Kontaktieren Sie uns und lassen Sie uns Ihnen helfen, Ihre Teppiche wieder in ihren alten Glanz zu versetzen.<\/p>\n","protected":false},"excerpt":{"rendered":"<p>Teppichreinigung Besmu Clean bietet unseren Kunden in Koblenz und Umgebung einen erstklassigen Teppichreinigungsservice. Wir sind hier, um Teppiche in Wohnungen, B\u00fcros oder Gesch\u00e4ftsr\u00e4umen gr\u00fcndlich zu reinigen. Wenn Sie in Deutschland eine zuverl\u00e4ssige L\u00f6sung f\u00fcr die Pflege und Reinigung Ihrer Teppiche suchen, sind Sie bei uns genau richtig. Teppichreinigung: Expertenh\u00e4nde f\u00fcr [&hellip;]<\/p>\n","protected":false},"author":2,"featured_media":328,"parent":0,"menu_order":0,"comment_status":"closed","ping_status":"closed","template":"","meta":{"om_disable_all_campaigns":false,"_monsterinsights_skip_tracking":false,"_monsterinsights_sitenote_active":false,"_monsterinsights_sitenote_note":"","_monsterinsights_sitenote_category":0,"_uf_show_specific_survey":0,"_uf_disable_surveys":false,"footnotes":""},"aioseo_notices":[],"_links":{"self":[{"href":"https:\/\/besmuclean.com\/index.php\/wp-json\/wp\/v2\/pages\/327"}],"collection":[{"href":"https:\/\/besmuclean.com\/index.php\/wp-json\/wp\/v2\/pages"}],"about":[{"href":"https:\/\/besmuclean.com\/index.php\/wp-json\/wp\/v2\/types\/page"}],"author":[{"embeddable":true,"href":"https:\/\/besmuclean.com\/index.php\/wp-json\/wp\/v2\/users\/2"}],"replies":[{"embeddable":true,"href":"https:\/\/besmuclean.com\/index.php\/wp-json\/wp\/v2\/comments?post=327"}],"version-history":[{"count":1,"href":"https:\/\/besmuclean.com\/index.php\/wp-json\/wp\/v2\/pages\/327\/revisions"}],"predecessor-version":[{"id":329,"href":"https:\/\/besmuclean.com\/index.php\/wp-json\/wp\/v2\/pages\/327\/revisions\/329"}],"wp:featuredmedia":[{"embeddable":true,"href":"https:\/\/besmuclean.com\/index.php\/wp-json\/wp\/v2\/media\/328"}],"wp:attachment":[{"href":"https:\/\/besmuclean.com\/index.php\/wp-json\/wp\/v2\/media?parent=327"}],"curies":[{"name":"wp","href":"https:\/\/api.w.org\/{rel}","templated":true}]}}